{"id":70,"date":"2019-06-17T07:53:45","date_gmt":"2019-06-17T10:53:45","guid":{"rendered":"http:\/\/www.sbac.org.br\/valorizalab\/?page_id=70"},"modified":"2025-01-29T15:48:56","modified_gmt":"2025-01-29T18:48:56","slug":"sobre-a-campanha","status":"publish","type":"page","link":"https:\/\/www.sbac.org.br\/examespelavida\/sobre-a-campanha\/","title":{"rendered":"Sobre a campanha"},"content":{"rendered":"<h2 class=\"bottom10\">Exames pela Vida &#8211; Campanha em prol da valoriza\u00e7\u00e3o dos Laborat\u00f3rios de An\u00e1lises Cl\u00ednicas<\/h2>\n<hr \/>\n<p><strong>O que \u00e9 o Exames Pela Vida?<\/strong><\/p>\n<p>\u201cExames pela Vida\u201d \u00e9 um benef\u00edcio exclusivo para os associados empresariais da Sociedade Brasileira de An\u00e1lises Cl\u00ednicas. Tem o objetivo de apoiar os pequenos e m\u00e9dios laborat\u00f3rios no compartilhamento de conhecimento cient\u00edfico e informa\u00e7\u00e3o de qualidade para o paciente, al\u00e9m de conscientizar a sociedade sobre o papel do diagn\u00f3stico laboratorial na promo\u00e7\u00e3o da sa\u00fade.<\/p>\n<p>Para isso, a SBAC produz e disponibiliza mensalmente conte\u00fados estrat\u00e9gicos e pensados para aproximar o paciente do laborat\u00f3rio. Esses materiais podem ser utilizados pelos nossos associados empresariais em redes sociais, e-mail marketing e outras a\u00e7\u00f5es de comunica\u00e7\u00e3o. Os laborat\u00f3rios tamb\u00e9m podem personalizar esses conte\u00fados aplicando as pr\u00f3prias logomarcas e identidade visual, tornando a comunica\u00e7\u00e3o ainda mais assertiva e direcionada para o seu respectivo p\u00fablico.<\/p>\n<p>O prop\u00f3sito da SBAC \u00e9 levar o conhecimento cient\u00edfico, a inova\u00e7\u00e3o tecnol\u00f3gica e as melhores pr\u00e1ticas globais do diagn\u00f3stico laboratorial para a bancada. Somos sempre pautados pela \u00e9tica e pela ci\u00eancia, de forma a garantir a seguran\u00e7a dos pacientes, e a nossa comunica\u00e7\u00e3o com a sociedade deve seguir esses mesmos par\u00e2metros de qualidade e transpar\u00eancia.<\/p>\n<p><strong>Como participar?<\/strong><\/p>\n<p>Esses materiais s\u00e3o disponibilizados, mensalmente, no site https:\/\/www.sbac.org.br\/examespelavida\/. Os arquivos para uso est\u00e3o dispon\u00edveis na \u00e1rea de downloads.<\/p>\n<p>&nbsp;<\/p>\n<p><strong>Regulamento<\/strong><\/p>\n<p>Veja abaixo as regras de uso desse benef\u00edcio exclusivo para associados empresariais da SBAC.<\/p>\n<p>Leia o regulamento.<\/p>\n<h2>Participar como Associado<\/h2>\n<p><strong>Conte\u00fado educativo:<\/strong><\/p>\n<p>Os associados da SBAC t\u00eam acesso integral a todos os conte\u00fados educativos disponibilizados pelo movimento de valoriza\u00e7\u00e3o das an\u00e1lises cl\u00ednicas.<\/p>\n<p><strong>Pe\u00e7as gr\u00e1ficas para downloads:<\/strong><\/p>\n<p>O que pode?<\/p>\n<p>&#8211; Fazer o download da pe\u00e7a gr\u00e1fica disponibilizada no site da SBAC e colocar a logo do laborat\u00f3rio em local especificado pelo Manual de Uso da Pe\u00e7a Gr\u00e1fica, que \u00e9 disponibilizada junto com a pe\u00e7a gr\u00e1fica no momento do download.<br \/>\n&#8211; Veicular a pe\u00e7a gr\u00e1fica com a logomarca em suas redes sociais e imprimir para deixar no laborat\u00f3rio.<\/p>\n<p>O que n\u00e3o pode?<\/p>\n<p>&#8211; Fazer altera\u00e7\u00f5es no layout da pe\u00e7a gr\u00e1fica, al\u00e9m da coloca\u00e7\u00e3o da logo.<br \/>\n&#8211; Veicular a logomarca da campanha \u201cExames pela Vida\u201d em pe\u00e7as gr\u00e1ficas que n\u00e3o sejam desenvolvidas pela SBAC, como folderes, timbrados, envelopes, outdoors, posts de facebook e etc.<\/p>\n<h2>Participar como N\u00e3o-Associado SBAC:<\/h2>\n<p><strong>Conte\u00fado educativo:<\/strong><\/p>\n<p>Os n\u00e3o associados da SBAC tem acesso restrito aos conte\u00fados educativos disponibilizados pelo movimento de valoriza\u00e7\u00e3o das an\u00e1lises cl\u00ednicas.<\/p>\n<p><strong>Pe\u00e7as gr\u00e1ficas para downloads:<\/strong><\/p>\n<p>O que pode?<\/p>\n<p>&#8211; Reproduzir a logomarca e as pe\u00e7as gr\u00e1ficas da campanha \u201cExames pela Vida\u201d somente atrav\u00e9s do compartilhamento de postagens das redes sociais ou de artigos do site da entidade.<\/p>\n<p>O que n\u00e3o pode?<\/p>\n<p>&#8211; Fazer altera\u00e7\u00f5es no layout da pe\u00e7a gr\u00e1fica, nem mesmo a coloca\u00e7\u00e3o da logo do laborat\u00f3rio.<br \/>\n&#8211; Veicular a logomarca da campanha \u201cExames pela Vida\u201d em pe\u00e7as gr\u00e1ficas que n\u00e3o sejam desenvolvidas pela SBAC, como folderes, timbrados, envelopes, outdoors, posts de facebook e etc.<\/p>\n<p>Associe-se a SBAC.<\/p>\n<h3>Nasce uma campanha em prol dos laborat\u00f3rios de an\u00e1lises cl\u00ednicas: Exames pela Vida<\/h3>\n<div style=\"width: 1920px;\" class=\"wp-video\"><video class=\"wp-video-shortcode\" id=\"video-70-1\" width=\"1920\" height=\"1080\" poster=\"http:\/\/www.sbac.org.br\/valorizalab\/wp-content\/uploads\/sites\/2\/2019\/06\/thumb0099.jpg\" preload=\"metadata\" controls=\"controls\"><source type=\"video\/mp4\" src=\"http:\/\/www.sbac.org.br\/valorizalab\/wp-content\/uploads\/sites\/2\/2019\/06\/exames_pela_vida.mp4?_=1\" \/><a href=\"http:\/\/www.sbac.org.br\/valorizalab\/wp-content\/uploads\/sites\/2\/2019\/06\/exames_pela_vida.mp4\">http:\/\/www.sbac.org.br\/valorizalab\/wp-content\/uploads\/sites\/2\/2019\/06\/exames_pela_vida.mp4<\/a><\/video><\/div>\n<p><br class=\"clear\" \/>A campanha &#8220;Exames pela Vida&#8221; visa ensinar a sociedade sobre o funcionamento de um laborat\u00f3rio de an\u00e1lises cl\u00ednicas, explicando de forma compreens\u00edvel para o p\u00fablico leigo temas como qualidade t\u00e9cnica, seguran\u00e7a do laudo, m\u00e9todos de an\u00e1lise, utilidade dos exames laboratoriais, valores de refer\u00eancia, d\u00favidas gerais, e muito mais.<\/p>\n<p>Os conte\u00fados informativos ser\u00e3o repassados para o p\u00fablico atrav\u00e9s de postagens nas redes sociais e pe\u00e7as gr\u00e1ficas, como folders e banners. Tais materiais poder\u00e3o ser compartilhados e impressos pelo laborat\u00f3rio, respeitando sempre o regulamento de uso da marca.<\/p>\n<p><strong>Conhe\u00e7a o site :<\/strong><\/p>\n<p><a href=\"http:\/\/www.examespelavida.com.br\/\">EXAMESPELAVIDA.COM.BR<\/a><\/p>\n","protected":false},"excerpt":{"rendered":"<p>Exames pela Vida &#8211; Campanha em prol da valoriza\u00e7\u00e3o dos Laborat\u00f3rios de An\u00e1lises Cl\u00ednicas O que \u00e9 o Exames Pela Vida? \u201cExames pela Vida\u201d \u00e9 um benef\u00edcio exclusivo para os associados empresariais da Sociedade Brasileira de An\u00e1lises Cl\u00ednicas. Tem o objetivo de apoiar os pequenos e m\u00e9dios laborat\u00f3rios no compartilhamento de conhecimento cient\u00edfico e informa\u00e7\u00e3o [&hellip;]<\/p>\n","protected":false},"author":1,"featured_media":0,"parent":0,"menu_order":0,"comment_status":"closed","ping_status":"closed","template":"","meta":{"inline_featured_image":false,"footnotes":""},"class_list":["post-70","page","type-page","status-publish","hentry"],"_links":{"self":[{"href":"https:\/\/www.sbac.org.br\/examespelavida\/wp-json\/wp\/v2\/pages\/70","targetHints":{"allow":["GET"]}}],"collection":[{"href":"https:\/\/www.sbac.org.br\/examespelavida\/wp-json\/wp\/v2\/pages"}],"about":[{"href":"https:\/\/www.sbac.org.br\/examespelavida\/wp-json\/wp\/v2\/types\/page"}],"author":[{"embeddable":true,"href":"https:\/\/www.sbac.org.br\/examespelavida\/wp-json\/wp\/v2\/users\/1"}],"replies":[{"embeddable":true,"href":"https:\/\/www.sbac.org.br\/examespelavida\/wp-json\/wp\/v2\/comments?post=70"}],"version-history":[{"count":17,"href":"https:\/\/www.sbac.org.br\/examespelavida\/wp-json\/wp\/v2\/pages\/70\/revisions"}],"predecessor-version":[{"id":1065,"href":"https:\/\/www.sbac.org.br\/examespelavida\/wp-json\/wp\/v2\/pages\/70\/revisions\/1065"}],"wp:attachment":[{"href":"https:\/\/www.sbac.org.br\/examespelavida\/wp-json\/wp\/v2\/media?parent=70"}],"curies":[{"name":"wp","href":"https:\/\/api.w.org\/{rel}","templated":true}]}}