{"id":4,"date":"2019-06-14T07:17:57","date_gmt":"2019-06-14T10:17:57","guid":{"rendered":"http:\/\/www.sbac.org.br\/valorizalab\/?page_id=4"},"modified":"2024-09-16T13:53:50","modified_gmt":"2024-09-16T16:53:50","slug":"home","status":"publish","type":"page","link":"https:\/\/www.sbac.org.br\/examespelavida\/","title":{"rendered":"Home"},"content":{"rendered":"<!--Good Plan-->\n<section id=\"introducao\" class=\"padding-top\">\n  <div class=\"container\">\n    <div class=\"row\">\n      <div class=\"col-sm-12 text-center wow fadeInDown\">\n        <h2 class=\"text-capitalize bottom10\">Campanha em Prol dos <span class='blue_t'>Laborat\u00f3rios<\/span><\/h2>\n        <p>Exames pela Vida - Campanha em prol da valoriza\u00e7\u00e3o dos Laborat\u00f3rios de An\u00e1lises Cl\u00ednicas<\/p>\n      <\/div>\n      <div class=\"col-lg-6 col-md-6 col-sm-6 content_left top40 wow fadeInLeft\" data-wow-delay=\"500ms\">\n        <figure>\n          <img loading=\"lazy\" decoding=\"async\" width=\"555\" height=\"381\" src=\"https:\/\/www.sbac.org.br\/examespelavida\/wp-content\/uploads\/sites\/2\/2019\/06\/plan2.png\" class=\"img-responsive\" alt=\"\" srcset=\"https:\/\/www.sbac.org.br\/examespelavida\/wp-content\/uploads\/sites\/2\/2019\/06\/plan2.png 555w, https:\/\/www.sbac.org.br\/examespelavida\/wp-content\/uploads\/sites\/2\/2019\/06\/plan2-300x206.png 300w\" sizes=\"auto, (max-width: 555px) 100vw, 555px\" \/>        <\/figure>\n      <\/div>\n      <div class=\"col-lg-6 col-md-6 col-sm-6 right top40 wow fadeInRight\" data-wow-delay=\"500ms\" id=\"como-participar\">\n        <\/p>\n<p class='bottom20'>\u201cExames pela Vida\u201d \u00e9 um benef\u00edcio exclusivo para os associados empresariais da Sociedade Brasileira de An\u00e1lises Cl\u00ednicas. Tem o objetivo de apoiar os pequenos e m\u00e9dios laborat\u00f3rios no compartilhamento de conhecimento cient\u00edfico e informa\u00e7\u00e3o de qualidade para o paciente, al\u00e9m de conscientizar a sociedade sobre o papel do diagn\u00f3stico laboratorial na promo\u00e7\u00e3o da sa\u00fade.<\/p>\n<p>Para isso, a SBAC produz e disponibiliza mensalmente conte\u00fados estrat\u00e9gicos e pensados para aproximar o paciente do laborat\u00f3rio. Esses materiais podem ser utilizados pelos nossos associados empresariais em redes sociais, e-mail marketing e outras a\u00e7\u00f5es de comunica\u00e7\u00e3o. Os laborat\u00f3rios tamb\u00e9m podem personalizar esses conte\u00fados aplicando as pr\u00f3prias logomarcas e identidade visual, tornando a comunica\u00e7\u00e3o ainda mais assertiva e direcionada para o seu respectivo p\u00fablico.<\/p>\n<p>O prop\u00f3sito da SBAC \u00e9 levar o conhecimento cient\u00edfico, a inova\u00e7\u00e3o tecnol\u00f3gica e as melhores pr\u00e1ticas globais do diagn\u00f3stico laboratorial para a bancada. Somos sempre pautados pela \u00e9tica e pela ci\u00eancia, de forma a garantir a seguran\u00e7a dos pacientes, e a nossa comunica\u00e7\u00e3o com a sociedade deve seguir esses mesmos par\u00e2metros de qualidade e transpar\u00eancia.<\/p>\n<h4 class='bottom10'>Como participar<\/h4>\n<p class='bottom20'>Esses materiais s\u00e3o disponibilizados, mensalmente, no site sbac.org.br\/examespelavida. Os arquivos para uso est\u00e3o dispon\u00edveis na \u00e1rea de downloads.<\/p>\n<h4 class='bottom10'>Regulamento<\/h4>\n<p class='bottom20'>Veja abaixo as regras de uso desse benef\u00edcio exclusivo para associados empresariais da SBAC. Leia o regulamento:<\/p>\n<p><a href='\/examespelavida\/regulamento\/' class='text-uppercase border_radius btn-green'>Leia o regulamento<\/a>      <\/div>\n    <\/div>\n  <\/div>\n<\/section>\n<!--Good Plans ends-->\n\n<p style=\"margin-top:80px\"><\/p>\n<!--Video-->\n<section id=\"bg-video\" class=\"padding\">\n  <div class=\"container\">\n    <div class=\"row\">\n      <div class=\"col-sm-6 video wow fadeInLeft\">\n        <img loading=\"lazy\" decoding=\"async\" width=\"597\" height=\"383\" src=\"https:\/\/www.sbac.org.br\/examespelavida\/wp-content\/uploads\/sites\/2\/2019\/06\/tela_video-home.png\" class=\"attachment-full size-full\" alt=\"\" srcset=\"https:\/\/www.sbac.org.br\/examespelavida\/wp-content\/uploads\/sites\/2\/2019\/06\/tela_video-home.png 597w, https:\/\/www.sbac.org.br\/examespelavida\/wp-content\/uploads\/sites\/2\/2019\/06\/tela_video-home-300x192.png 300w\" sizes=\"auto, (max-width: 597px) 100vw, 597px\" \/>       <!--<a href=\"https:\/\/player.vimeo.com\/video\/102732914?title=0&amp;byline=0&amp;portrait=0&amp;color=8ac832&amp;wmode=opaque\"-->\n       <a href=\"https:\/\/www.sbac.org.br\/examespelavida\/wp-content\/uploads\/sites\/2\/2019\/06\/exames_pela_vida.mp4\"\n      class=\"html5lightbox video-btn\"  data-autoopen=\"true\" data-width=\"900\" data-height=\"420\"><i class=\"icon-play2\"><\/i><\/a>\n      <\/div>\n      <div class=\"col-sm-6 right_content top40 bottom40 wow fadeInRight\">\n        <h2 class=\"bottom30 text-capitalize green_t\">A campanha <span class='green_t'> \u201cExames pela Vida\u201d<\/span><\/h2>\n        <p class=\"bottom30 green_t\">A campanha Exames pela Vida visa ensinar a sociedade sobre o funcionamento de um laborat\u00f3rio de an\u00e1lises cl\u00ednicas, explicando de forma compreens\u00edvel para o p\u00fablico leigo temas como qualidade t\u00e9cnica, seguran\u00e7a do laudo, m\u00e9todos de an\u00e1lise, utilidade dos exames laboratoriais, valores de refer\u00eancia, d\u00favidas gerais, e muito mais. Os conte\u00fados informativos ser\u00e3o repassados para o p\u00fablico atrav\u00e9s de postagens nas redes sociais e pe\u00e7as gr\u00e1ficas, como folders e banners. Tais materiais poder\u00e3o ser compartilhados e impressos pelo laborat\u00f3rio, respeitando sempre o regulamento de uso da marca.<\/p>\n        <a href=\"\/examespelavida\/sobre-a-campanha\/\" class=\"btn-white text-uppercase border_radius\">Quer saber mais?<\/a>\n      <\/div>\n    <\/div>\n  <\/div>\n<\/section>\n<!--VIDEO ends-->\n<p><\/p>\n\n<!--Three columns text Info-->\n <section id=\"downloads\" class=\"padding\">\n  <div class=\"container\" id=\"info\">\n    <div class=\"row\">\n      <div class=\"col-sm-12 text-center wow fadeInDown\" data-wow-delay=\"500ms\">\n        <h2 class=\"text-capitalize bottom10\">Arquivos para <span class='blue_t'>Downloads<\/span><\/h2>\n        <p>o ValorizaLab preparou para o seu laborat\u00f3rio conte\u00fados exclusivos. Dispon\u00edveis a partir de 24\/06<\/p>\n      <\/div>\n    <\/div>\n    <div class=\"row\">\n                  <div class=\"col-sm-3 \">\n        <div class=\"text_box text-center top40 wow fadeIn\" data-wow-delay=\"700ms\">\n          <a href=\"https:\/\/www.sbac.org.br\/examespelavida\/download\/tuberculose-principais-sintomas-e-como-se-cuidar\/\" style=\"color:#000\">\n            <span><i class=\"icon-health\"><\/i><\/span>\n          <\/a>\n          <a href=\"https:\/\/www.sbac.org.br\/examespelavida\/download\/tuberculose-principais-sintomas-e-como-se-cuidar\/\">\n            <h4 class=\"bottom10\">Tuberculose &#8211; Principais sintomas e como se cuidar<\/h4>\n            <p>A tuberculose ainda afeta milhares de pessoas no Brasil, mas pode ser diagnosticada e tratada com efic\u00e1cia quando identificada precocemente. Fique atento aos sintomas e procure orienta\u00e7\u00e3o: os exames laboratoriais s\u00e3o essenciais para a confirma\u00e7\u00e3o da doen\u00e7a e o in\u00edcio do tratamento.<\/p>\n          <\/a>\n        <\/div>\n      <\/div>\n            <div class=\"col-sm-3 \">\n        <div class=\"text_box text-center top40 wow fadeIn\" data-wow-delay=\"700ms\">\n          <a href=\"https:\/\/www.sbac.org.br\/examespelavida\/download\/o-diagnostico-laboratorial-e-fundamental-para-o-cuidado-da-sua-saude\/\" style=\"color:#000\">\n            <span><i class=\"icon-blood-drop\"><\/i><\/span>\n          <\/a>\n          <a href=\"https:\/\/www.sbac.org.br\/examespelavida\/download\/o-diagnostico-laboratorial-e-fundamental-para-o-cuidado-da-sua-saude\/\">\n            <h4 class=\"bottom10\">O diagn\u00f3stico laboratorial \u00e9 fundamental para o cuidado da sua sa\u00fade<\/h4>\n            <p>A preven\u00e7\u00e3o \u00e9 uma das melhores formas de garantir qualidade de vida e sa\u00fade. Por isso \u00e9 t\u00e3o importante realizar, periodicamente, exames de check-up.<\/p>\n          <\/a>\n        <\/div>\n      <\/div>\n            <div class=\"col-sm-3 \">\n        <div class=\"text_box text-center top40 wow fadeIn\" data-wow-delay=\"700ms\">\n          <a href=\"https:\/\/www.sbac.org.br\/examespelavida\/download\/alerta-micoses-como-sao-feitos-os-exames-laboratoriais\/\" style=\"color:#000\">\n            <span><i class=\"icon-doctor\"><\/i><\/span>\n          <\/a>\n          <a href=\"https:\/\/www.sbac.org.br\/examespelavida\/download\/alerta-micoses-como-sao-feitos-os-exames-laboratoriais\/\">\n            <h4 class=\"bottom10\">Alerta Micoses: como s\u00e3o feitos os exames laboratoriais<\/h4>\n            <p>Micoses superficiais, aquelas que acometem a pele e unha, s\u00e3o chamadas de dermatofitoses e costumam ser muito comuns: estima-se que afetem 25% da popula\u00e7\u00e3o mundial.<\/p>\n          <\/a>\n        <\/div>\n      <\/div>\n            <div class=\"col-sm-3 \">\n        <div class=\"text_box text-center top40 wow fadeIn\" data-wow-delay=\"700ms\">\n          <a href=\"https:\/\/www.sbac.org.br\/examespelavida\/download\/atencao-nem-toda-arbovirose-e-igual\/\" style=\"color:#000\">\n            <span><i class=\"icon-medicine-bottle\"><\/i><\/span>\n          <\/a>\n          <a href=\"https:\/\/www.sbac.org.br\/examespelavida\/download\/atencao-nem-toda-arbovirose-e-igual\/\">\n            <h4 class=\"bottom10\">ATEN\u00c7\u00c3O! Nem toda arbovirose \u00e9 igual<\/h4>\n            <p>Com a chegada do ver\u00e3o e do clima \u00famido e seco as arboviroses voltam a preocupar os brasileiros.<\/p>\n          <\/a>\n        <\/div>\n      <\/div>\n      \n    <\/div>\n  <\/div>\n<\/section>\n<!--Info Text ends-->\n\n\n<section class=\"padding layout_second\" id=\"slider-bdae0978f4a1b8175844ed1d2e811a428fbba865\">\n    <div class=\"container\">\n        <div class=\"row\">\n            <div class=\"col-sm-12 text-center wow fadeInDown\" data-wow-delay=\"500ms\">\n                <h2 class=\"bottom10 text-capitalize\">Artigos &amp; <span class='blue_t'>Informa\u00e7\u00f5es <\/span><\/h2>\n                <p class=\"heading_space\">Conte\u00fados informativos e educacionais para laborat\u00f3rios<\/p>\n            <\/div>\n        <\/div>\n                <div class=\"row\">\n            <div class=\"owl-carousel news_slider_container\">\n                    <div class=\"item\">\n        <div class=\"news news_home\">\n            <div class=\"image\"><img decoding=\"async\" src=\"https:\/\/www.sbac.org.br\/examespelavida\/wp-content\/uploads\/sites\/2\/2019\/06\/valorizalab-370x344.png\" class=\"attachment-sbac.page.thumb size-sbac.page.thumb wp-post-image\" alt=\"\" \/><\/div>\n            <div class=\"news_text\">\n                <h4 class=\"bottom10\"><a href=\"https:\/\/www.sbac.org.br\/examespelavida\/ultimo-dia-do-46o-cbac-tem-como-pauta-a-valorizacao-dos-laboratorios\/\">Dispon\u00edvel para Associado Empresarial e Profissionais   \u00daltimo dia do 46\u00ba CBAC tem como pauta a valoriza\u00e7\u00e3o dos laborat\u00f3rios<\/a><\/h4>\n                <p class=\"bottom30\"><p>F\u00f3rum Valoriza Lab marcou encerramento do evento, realizado em Belo Horizonte de 16 a 19 de junho O que faz um laborat\u00f3rio ser reconhecido pela sociedade? Essa foi a reflex\u00e3o proposta pelo Valoriza Lab, F\u00f3rum de Valoriza\u00e7\u00e3o das An\u00e1lises Cl\u00ednicas, realizado no \u00faltimo dia do 46\u00ba Congresso Brasileiro de An\u00e1lises Cl\u00ednicas. O evento apresentou de [&hellip;]<\/p>\n<\/p>\n                <a href=\"https:\/\/www.sbac.org.br\/examespelavida\/ultimo-dia-do-46o-cbac-tem-como-pauta-a-valorizacao-dos-laboratorios\/\" class=\"readmore readmore-lg\">Leia mais<\/a>\n            <\/div>\n        <\/div>\n    <\/div>\n    <div class=\"item\">\n        <div class=\"news news_home\">\n            <div class=\"image\"><img decoding=\"async\" src=\"https:\/\/www.sbac.org.br\/examespelavida\/wp-content\/uploads\/sites\/2\/2019\/06\/palavradopresidente555x381-370x344.png\" class=\"attachment-sbac.page.thumb size-sbac.page.thumb wp-post-image\" alt=\"\" \/><\/div>\n            <div class=\"news_text\">\n                <h4 class=\"bottom10\"><a href=\"https:\/\/www.sbac.org.br\/examespelavida\/carta-do-presidente-da-sbac-dr-luiz-fernando-barcelos\/\">Carta do Presidente da SBAC | Dr. Luiz Fernando Barcelos<\/a><\/h4>\n                <p class=\"bottom30\"><p>Confira a carta aberta do Presidente da Sociedade Brasileira de An\u00e1lises Cl\u00ednicas falando sobre o Movimento de Valoriza\u00e7\u00e3o das An\u00e1lises Cl\u00ednicas, o Valorizalab.<\/p>\n<\/p>\n                <a href=\"https:\/\/www.sbac.org.br\/examespelavida\/carta-do-presidente-da-sbac-dr-luiz-fernando-barcelos\/\" class=\"readmore readmore-lg\">Leia mais<\/a>\n            <\/div>\n        <\/div>\n    <\/div>\n    <div class=\"item\">\n        <div class=\"news news_home\">\n            <div class=\"image\"><img decoding=\"async\" src=\"https:\/\/www.sbac.org.br\/examespelavida\/wp-content\/uploads\/sites\/2\/2019\/06\/juridico555x381-370x344.png\" class=\"attachment-sbac.page.thumb size-sbac.page.thumb wp-post-image\" alt=\"\" \/><\/div>\n            <div class=\"news_text\">\n                <h4 class=\"bottom10\"><a href=\"https:\/\/www.sbac.org.br\/examespelavida\/a-informacao-como-fonte-de-seguranca-juridica\/\">A Informa\u00e7\u00e3o como Fonte de Seguran\u00e7a Jur\u00eddica<\/a><\/h4>\n                <p class=\"bottom30\"><p>O Assessor Jur\u00eddico da SBAC, Dr. Daniel Silveira comenta sobre a valoriza\u00e7\u00e3o da imagem do laborat\u00f3rio atrav\u00e9s das informa\u00e7\u00f5es de qualidade. <\/p>\n<\/p>\n                <a href=\"https:\/\/www.sbac.org.br\/examespelavida\/a-informacao-como-fonte-de-seguranca-juridica\/\" class=\"readmore readmore-lg\">Leia mais<\/a>\n            <\/div>\n        <\/div>\n    <\/div>\n    <div class=\"item\">\n        <div class=\"news news_home\">\n            <div class=\"image\"><img decoding=\"async\" src=\"https:\/\/www.sbac.org.br\/examespelavida\/wp-content\/uploads\/sites\/2\/2019\/06\/desvaloriza555x381-370x344.png\" class=\"attachment-sbac.page.thumb size-sbac.page.thumb wp-post-image\" alt=\"\" \/><\/div>\n            <div class=\"news_text\">\n                <h4 class=\"bottom10\"><a href=\"https:\/\/www.sbac.org.br\/examespelavida\/acoes-que-desvalorizam-o-laboratorio-de-analises-clinicas\/\">A\u00e7\u00f5es que Desvalorizam o Laborat\u00f3rio de An\u00e1lises Cl\u00ednicas<\/a><\/h4>\n                <p class=\"bottom30\"><p>Todos os profissionais de an\u00e1lises cl\u00ednicas s\u00e3o respons\u00e1veis pela valoriza\u00e7\u00e3o do setor. Nesse texto, comentamos quais s\u00e3o as atitudes contribuem para a desvaloriza\u00e7\u00e3o dos laborat\u00f3rios.<\/p>\n<\/p>\n                <a href=\"https:\/\/www.sbac.org.br\/examespelavida\/acoes-que-desvalorizam-o-laboratorio-de-analises-clinicas\/\" class=\"readmore readmore-lg\">Leia mais<\/a>\n            <\/div>\n        <\/div>\n    <\/div>\n            <\/div>\n        <\/div>\n    <\/div>\n<\/section>\n<!--Call Back Form-->\n<section class=\"parallax_one padding\">\n  <div class=\"container\">\n    <div class=\"row\">\n      <div class=\"col-sm-6\">\n      <\/div>\n      <div class=\"col-sm-6\">\n        <div class=\"bg_call border_radius wow fadeInRight\" id=\"callform\" data-wow-delay=\"500ms\">\n          <h2 class=\"bottom10 text-center\">Sugest\u00f5es <span class=\"blue_t\">de pauta <\/span><\/h2>\n          <p class=\"text-center bottom20\">Escreva pra gente, de sua sugest\u00e3o, pergunte. Nossa equipe aguarda sua colabora\u00e7\u00e3o.<\/p>\n          <div class=\"callus\">\n            \n<div class=\"wpcf7 no-js\" id=\"wpcf7-f91-o1\" lang=\"pt-BR\" dir=\"ltr\" data-wpcf7-id=\"91\">\n<div class=\"screen-reader-response\"><p role=\"status\" aria-live=\"polite\" aria-atomic=\"true\"><\/p> <ul><\/ul><\/div>\n<form action=\"\/examespelavida\/wp-json\/wp\/v2\/pages\/4#wpcf7-f91-o1\" method=\"post\" class=\"wpcf7-form init\" aria-label=\"Formul\u00e1rios de contato\" novalidate=\"novalidate\" data-status=\"init\">\n<fieldset class=\"hidden-fields-container\"><input type=\"hidden\" name=\"_wpcf7\" value=\"91\" \/><input type=\"hidden\" name=\"_wpcf7_version\" value=\"6.1.4\" \/><input type=\"hidden\" name=\"_wpcf7_locale\" value=\"pt_BR\" \/><input type=\"hidden\" name=\"_wpcf7_unit_tag\" value=\"wpcf7-f91-o1\" \/><input type=\"hidden\" name=\"_wpcf7_container_post\" value=\"0\" \/><input type=\"hidden\" name=\"_wpcf7_posted_data_hash\" value=\"\" \/><input type=\"hidden\" name=\"_wpcf7_recaptcha_response\" value=\"\" \/>\n<\/fieldset>\n<div class=\"row\">\n<div class=\"col-sm-6\">\n<div class=\"form-group nome\"><input class=\"wpcf7-form-control wpcf7-text wpcf7-validates-as-required form-control\" name=\"nome\" type=\"text\" value=\"\" placeholder=\"Seu nome\" aria-invalid=\"false\" aria-required=\"true\" required><\/div>\n<\/div>\n<div class=\"col-sm-6\">\n<div class=\"form-group celular\"><input class=\"wpcf7-form-control wpcf7-text wpcf7-validates-as-required form-control\" name=\"celular\" type=\"text\" value=\"\" placeholder=\"Seu celular\" aria-invalid=\"false\" aria-required=\"true\" required><\/div>\n<\/div>\n<div class=\"col-sm-12 form-group\">\n<div class=\"select border_radius\">\n<div class=\"form-group assunto\"><select class=\"wpcf7-form-control wpcf7-select wpcf7-validates-as-required form-control\" name=\"assunto\" aria-invalid=\"false\" aria-required=\"true\" required><option value=\"Quero sugerir uma pauta\">Quero sugerir uma pauta<\/option><option value=\"Estou com uma d\u00favida\">Estou com uma d\u00favida<\/option><option value=\"Quero falar com um especialista\">Quero falar com um especialista<\/option><\/select><\/div>\n<\/div>\n<\/div>\n<div class=\"col-sm-12\">\n<div class=\"form-group mensagem\"><textarea class=\"wpcf7-form-control wpcf7-textarea wpcf7-validates-as-required form-control\" name=\"mensagem\" rows=\"4\" aria-invalid=\"false\" aria-required=\"true\" required><\/textarea><\/div>\n<\/div>\n<div class=\"wpcf7-turnstile cf-turnstile\" data-sitekey=\"0x4AAAAAACHEeeiIJBSgkz3o\" data-response-field-name=\"_wpcf7_turnstile_response\"><\/div>\n<div class=\"form-group\"><div><input class=\"wpcf7-form-control wpcf7-submit btn-green top10 border_radius text-uppercase btn btn-primary\" type=\"submit\" value=\"Enviar\"><\/div><\/div>\n<\/div><div class=\"wpcf7-response-output alert alert-warning\"><\/div>\n<\/form>\n<\/div>\n\n            <!--\n            <div class=\"row\">\n              <div class=\"col-sm-6 form-group\">\n                <input type=\"text\" class=\"form-control\" placeholder=\"Seu nome\" required>\n              <\/div>\n              <div class=\"col-sm-6 form-group\">\n                <input type=\"tel\" class=\"form-control\" placeholder=\"Seu celular\" required>\n              <\/div>\n              <div class=\"col-sm-12 form-group\">\n                <div class=\"select border_radius\">\n                  <select id=\"discuss\">\n                    <option selected>Quero sugerir uma pauta<\/option>\n                    <option>Estou com uma d\u00favida<\/option>\n                    <option>Quero falar com um especialista<\/option>\n                  <\/select>\n                <\/div>\n              <\/div>\n              <div class=\"col-sm-12 form-group\">\n                <div class=\"border_radius\">\n                \t<textarea class=\"form-control\" name=\"msg\"><\/textarea>\n                <\/div>\n                <button type=\"submit\" class=\"btn-green top10 border_radius text-uppercase\">Submit<\/button>\n              <\/div>\n            <\/div>\n-->\n          <\/div>\n        <\/div>\n      <\/div>\n    <\/div>\n  <\/div>\n<\/section>\n <!--Call Form Ends-->\n\n","protected":false},"excerpt":{"rendered":"","protected":false},"author":1,"featured_media":0,"parent":0,"menu_order":0,"comment_status":"closed","ping_status":"closed","template":"","meta":{"inline_featured_image":false,"footnotes":""},"class_list":["post-4","page","type-page","status-publish","hentry"],"_links":{"self":[{"href":"https:\/\/www.sbac.org.br\/examespelavida\/wp-json\/wp\/v2\/pages\/4","targetHints":{"allow":["GET"]}}],"collection":[{"href":"https:\/\/www.sbac.org.br\/examespelavida\/wp-json\/wp\/v2\/pages"}],"about":[{"href":"https:\/\/www.sbac.org.br\/examespelavida\/wp-json\/wp\/v2\/types\/page"}],"author":[{"embeddable":true,"href":"https:\/\/www.sbac.org.br\/examespelavida\/wp-json\/wp\/v2\/users\/1"}],"replies":[{"embeddable":true,"href":"https:\/\/www.sbac.org.br\/examespelavida\/wp-json\/wp\/v2\/comments?post=4"}],"version-history":[{"count":38,"href":"https:\/\/www.sbac.org.br\/examespelavida\/wp-json\/wp\/v2\/pages\/4\/revisions"}],"predecessor-version":[{"id":1035,"href":"https:\/\/www.sbac.org.br\/examespelavida\/wp-json\/wp\/v2\/pages\/4\/revisions\/1035"}],"wp:attachment":[{"href":"https:\/\/www.sbac.org.br\/examespelavida\/wp-json\/wp\/v2\/media?parent=4"}],"curies":[{"name":"wp","href":"https:\/\/api.w.org\/{rel}","templated":true}]}}