{"id":288,"date":"2020-07-17T11:57:03","date_gmt":"2020-07-17T14:57:03","guid":{"rendered":"http:\/\/www.sbac.org.br\/valorizalab\/?page_id=288"},"modified":"2024-09-20T16:24:07","modified_gmt":"2024-09-20T19:24:07","slug":"requisicao-de-uso-da-marca-exames-pela-vida","status":"publish","type":"page","link":"https:\/\/www.sbac.org.br\/examespelavida\/regulamento\/requisicao-de-uso-da-marca-exames-pela-vida\/","title":{"rendered":"Requisi\u00e7\u00e3o de Uso da Marca Exames pela Vida"},"content":{"rendered":"<p>Como fazer a requisi\u00e7\u00e3o da marca &#8220;Exames pela Vida&#8221;?<\/p>\n<p>1. Baixe e leia o regulamento de uso clicando aqui:\u00a0<a href=\"https:\/\/www.sbac.org.br\/examespelavida\/wp-content\/uploads\/sites\/2\/2024\/09\/Exames-pela-Vida_REGULAMENTO-DE-USO-DA-MARCA.pdf\" target=\"_blank\" rel=\"noopener\">REGULAMENTO DE USO DA MARCA EXAMES PELA VIDA<\/a>.<br \/>\n2. Baixe o termo de comprometimento<br \/>\n3. Preencha o termo de comprometimento.<br \/>\n4. Envie o termo para o email <span style=\"color: #3366ff\">geral@sbac.org.br<\/span> com o assunto \u201cRequisi\u00e7\u00e3o de Uso da Marca do Exames pela Vida\u201d com os dados abaixo preenchidos:<\/p>\n<hr \/>\n<p><b>Dados para Requisi\u00e7\u00e3o de Uso da Marca do \u201cExames pela Vida\u201d<\/b><\/p>\n<ul>\n<li>CNPJ do Associado Empresarial:<\/li>\n<\/ul>\n<ul>\n<li>Nome do requerente:<\/li>\n<\/ul>\n<ul>\n<li>CPF do requerente:<\/li>\n<\/ul>\n<ul>\n<li>Descri\u00e7\u00e3o do local onde a marca ser\u00e1 aplicada na arte, ou, se poss\u00edvel, envie a arte na qual a marca ser\u00e1 aplicada.<\/li>\n<\/ul>\n<ul>\n<li>Termo de comprometimento impresso, preenchido e assinado.<br \/>\n<hr \/>\n<\/li>\n<li>\n<h4><strong><a href=\"https:\/\/www.sbac.org.br\/valorizalab\/wp-content\/uploads\/sites\/2\/2020\/07\/Termo.pdf\" target=\"_blank\" rel=\"noopener\">Baixe aqui o Termo de Requisi\u00e7\u00e3o do Uso da Marca Exames pela Vida\u00a0<\/a><\/strong><\/h4>\n<\/li>\n<\/ul>\n","protected":false},"excerpt":{"rendered":"<p>Como fazer a requisi\u00e7\u00e3o da marca &#8220;Exames pela Vida&#8221;? 1. Baixe e leia o regulamento de uso clicando aqui:\u00a0REGULAMENTO DE USO DA MARCA EXAMES PELA VIDA. 2. Baixe o termo de comprometimento 3. Preencha o termo de comprometimento. 4. Envie o termo para o email geral@sbac.org.br com o assunto \u201cRequisi\u00e7\u00e3o de Uso da Marca do [&hellip;]<\/p>\n","protected":false},"author":87,"featured_media":0,"parent":51,"menu_order":0,"comment_status":"closed","ping_status":"closed","template":"","meta":{"inline_featured_image":false,"footnotes":""},"class_list":["post-288","page","type-page","status-publish","hentry"],"_links":{"self":[{"href":"https:\/\/www.sbac.org.br\/examespelavida\/wp-json\/wp\/v2\/pages\/288","targetHints":{"allow":["GET"]}}],"collection":[{"href":"https:\/\/www.sbac.org.br\/examespelavida\/wp-json\/wp\/v2\/pages"}],"about":[{"href":"https:\/\/www.sbac.org.br\/examespelavida\/wp-json\/wp\/v2\/types\/page"}],"author":[{"embeddable":true,"href":"https:\/\/www.sbac.org.br\/examespelavida\/wp-json\/wp\/v2\/users\/87"}],"replies":[{"embeddable":true,"href":"https:\/\/www.sbac.org.br\/examespelavida\/wp-json\/wp\/v2\/comments?post=288"}],"version-history":[{"count":6,"href":"https:\/\/www.sbac.org.br\/examespelavida\/wp-json\/wp\/v2\/pages\/288\/revisions"}],"predecessor-version":[{"id":1041,"href":"https:\/\/www.sbac.org.br\/examespelavida\/wp-json\/wp\/v2\/pages\/288\/revisions\/1041"}],"up":[{"embeddable":true,"href":"https:\/\/www.sbac.org.br\/examespelavida\/wp-json\/wp\/v2\/pages\/51"}],"wp:attachment":[{"href":"https:\/\/www.sbac.org.br\/examespelavida\/wp-json\/wp\/v2\/media?parent=288"}],"curies":[{"name":"wp","href":"https:\/\/api.w.org\/{rel}","templated":true}]}}