{"id":264,"date":"2020-07-17T11:03:44","date_gmt":"2020-07-17T14:03:44","guid":{"rendered":"http:\/\/www.sbac.org.br\/valorizalab\/?page_id=264"},"modified":"2024-09-20T17:51:53","modified_gmt":"2024-09-20T20:51:53","slug":"regulamento-de-uso-da-marca-exames-pela-vida","status":"publish","type":"page","link":"https:\/\/www.sbac.org.br\/examespelavida\/regulamento\/regulamento-de-uso-da-marca-exames-pela-vida\/","title":{"rendered":"Regulamento de Uso de Marca Exames pela Vida"},"content":{"rendered":"<p>&nbsp;<\/p>\n<h3>Regulamento de Uso de Marca<br \/>\n<strong>Exames pela Vida<br \/>\n<\/strong><\/h3>\n<hr \/>\n<ol>\n<li>REGULAMENTO DE USO DA MARCA EXAMES PELA VIDA\n<p>&nbsp;<\/p>\n<p><strong>Artigo Primeiro<\/strong> \u2013 Todas as marcas, s\u00edmbolos, logotipo e material gr\u00e1fico da SBAC constituem-se em ativos registrados perante os \u00d3rg\u00e3os Competentes, que todo Associado conta com direito de uso, mediante cess\u00e3o, desde que se encontre em dia com todas as obriga\u00e7\u00f5es que lhe s\u00e3o impostas e nos restritos termos do presente Regulamento.<\/p>\n<p><strong>Par\u00e1grafo \u00danico<\/strong> \u2013 A marca \u201cExames pela Vida\u201d \u00e9 de propriedade da Sociedade Brasileira de An\u00e1lises Cl\u00ednicas (SBAC) e est\u00e1 assegurada pelo pedido n\u00ba 917.388.011 no INPI.<\/p>\n<p><strong>Artigo Segundo<\/strong> \u2013 Para obten\u00e7\u00e3o da cess\u00e3o de uso da marca \u201cExames pela Vida\u201d, o Associado Empresarial dever\u00e1 formular o correspondente requerimento \u00e0 Diretoria da Entidade, a qual, uma vez preenchidos os devidos requisitos, emitir\u00e1 autoriza\u00e7\u00e3o espec\u00edfica, com prazo de validade de um ano, findo o qual, dever\u00e1 ser renovada a sua solicita\u00e7\u00e3o.<\/p>\n<p><strong>Par\u00e1grafo Primeiro<\/strong> \u2013 Dever\u00e1 o Associado Empresarial instruir de forma completa e detalhada a sua solicita\u00e7\u00e3o de cess\u00e3o de uso com a identifica\u00e7\u00e3o dos locais em que pretende expor o logotipo\/marca SBAC.<\/p>\n<p><strong>Par\u00e1grafo Segundo \u2013<\/strong> Uma vez concedida a autoriza\u00e7\u00e3o de uso, ser\u00e1 enviada, em meio digital, a \u201carte\u201d com o logotipo\/marca do \u201cExames pela Vida\u201d, dever\u00e1 ser reproduzida de forma fidedigna, n\u00e3o sendo permitidas quaisquer altera\u00e7\u00f5es, inser\u00e7\u00f5es ou adapta\u00e7\u00f5es.<\/p>\n<p><strong>Artigo Terceiro \u2013<\/strong> A cess\u00e3o de uso disciplinada no presente documento \u00e9 de natureza personal\u00edssima, exclusiva daquele Associado que a requereu, sendo vedada a sua sub-cess\u00e3o a terceiros, sob pena de incurs\u00e3o nos dispositivos Estatut\u00e1rios pertinentes.<\/p>\n<p><strong>Par\u00e1grafo Primeiro \u2013<\/strong> A SBAC se constitui no \u00fanico organismo, por sua Diretoria, com compet\u00eancia para ceder o direito de utiliza\u00e7\u00e3o de sua marca por terceiros que n\u00e3o ASSOCIADOS, mediante pleito formal e justificado de concess\u00e3o de uso.<\/p>\n<p><strong>Par\u00e1grafo Segundo<\/strong> \u2013 A utiliza\u00e7\u00e3o n\u00e3o autorizada da marca por terceiros constitui ato il\u00edcito e infra\u00e7\u00e3o de direito da propriedade industrial, legitimando a SBAC a atuar em conformidade com a instaura\u00e7\u00e3o das competentes a\u00e7\u00f5es judiciais, ordin\u00e1rias e\/ou de natureza cautelar aplic\u00e1veis.<\/p>\n<p><strong>Par\u00e1grafo Terceiro \u2013<\/strong> Constitui-se em obriga\u00e7\u00e3o de todo e qualquer ASSOCIADO, a notifica\u00e7\u00e3o da Entidade sempre que tomar conhecimento da utiliza\u00e7\u00e3o da Marca SBAC em desacordo com as normas internas ou legisla\u00e7\u00e3o pertinente.<\/p>\n<p><strong>Artigo Quarto \u2013<\/strong> Nenhum material gr\u00e1fico da Campanha \u201cExames pela Vida\u201d disponibilizado pela SBAC aos seus ASSOCIADOS e que contenha a marca da Associa\u00e7\u00e3o poder\u00e1 ter essa identidade substitu\u00edda ou retirada, sob pena de configura\u00e7\u00e3o de falta \u00e9tica a ser apurada na forma Estatut\u00e1ria. Tamb\u00e9m n\u00e3o \u00e9 permitida a publicidade depreciativa, falsa ou abusiva envolvendo a marca \u201cExames pela Vida\u201d.<\/p>\n<p><strong>Artigo Quinto<\/strong> \u2013 O Associado Empresarial dever\u00e1 firmar Termo de Compromisso no sentido do conhecimento e cumprimento das disposi\u00e7\u00f5es do presente Regulamento, em documento anexo ao presente.<\/p>\n<p><strong>Artigo Sexto<\/strong> \u2013 A logomarca da campanha \u201cExames pela Vida\u201d somente poder\u00e1 ser utilizada pelo Associado Profissional nas pe\u00e7as gr\u00e1ficas produzidas pela pr\u00f3pria SBAC, devendo ser seguido integralmente o regulamento de Uso da pe\u00e7a disponibilizado no momento do download.<\/p>\n<p><strong>Artigo S\u00e9timo<\/strong> \u2013 Na hip\u00f3tese de constata\u00e7\u00e3o de viola\u00e7\u00e3o ao presente Regulamento, a SBAC notificar\u00e1 por escrito o respectivo ASSOCIADO, solicitando que o mesmo se pronuncie, pela mesma via, no prazo de 10 (dez) dias \u00fateis, sendo a correspondente documenta\u00e7\u00e3o encaminhada para aprecia\u00e7\u00e3o da Diretoria, qual, a seu crit\u00e9rio, poder\u00e1 encaminhar os fatos para o Conselho de \u00c9tica.<\/p>\n<p><strong>Artigo Oitavo \u2013<\/strong> Os casos omissos ser\u00e3o solucionados pela Diretoria da SBAC, que baixar\u00e1 os atos complementares deste Regimento Interno, atrav\u00e9s de Ordem de Servi\u00e7o, Avisos ou Circulares, dando a esses atos divulga\u00e7\u00e3o recomend\u00e1vel conforme sua natureza.<\/p>\n<p><strong>Artigo Nono \u2013<\/strong> A SBAC n\u00e3o se responsabiliza por nenhuma a\u00e7\u00e3o ou preju\u00edzo ao associado e n\u00e3o-associado pelo uso indevido da marca \u201cExames pela Vida\u201d.<\/li>\n<\/ol>\n<p>&nbsp;<\/p>\n<p><strong>Dados para Requisi\u00e7\u00e3o de Uso da Marca do \u201c<\/strong><strong>Exames pela Vida\u201d<\/strong><\/p>\n<ul>\n<li>CNPJ do Associado Empresarial:<\/li>\n<li>Nome do requerente:<\/li>\n<li>CPF do requerente:<\/li>\n<li>Descri\u00e7\u00e3o do local onde a marca ser\u00e1 aplicada na arte, ou, se poss\u00edvel, envie a arte na qual a marca ser\u00e1 aplicada.<\/li>\n<li>Termo de comprometimento impresso, preenchido e assinado.<\/li>\n<\/ul>\n<p><b>\u00a0<\/b><\/p>\n<ul>\n<li>\n<h4><strong><a href=\"http:\/\/www.sbac.org.br\/valorizalab\/wp-content\/uploads\/sites\/2\/2020\/07\/Termo.pdf\" target=\"_blank\" rel=\"noopener\">Baixe aqui o Termo de Requisi\u00e7\u00e3o do Uso da Marca Exames pela Vida\u00a0<\/a><\/strong><\/h4>\n<hr \/>\n<\/li>\n<\/ul>\n","protected":false},"excerpt":{"rendered":"<p>&nbsp; Regulamento de Uso de Marca Exames pela Vida REGULAMENTO DE USO DA MARCA EXAMES PELA VIDA &nbsp; Artigo Primeiro \u2013 Todas as marcas, s\u00edmbolos, logotipo e material gr\u00e1fico da SBAC constituem-se em ativos registrados perante os \u00d3rg\u00e3os Competentes, que todo Associado conta com direito de uso, mediante cess\u00e3o, desde que se encontre em dia [&hellip;]<\/p>\n","protected":false},"author":87,"featured_media":0,"parent":51,"menu_order":0,"comment_status":"closed","ping_status":"closed","template":"","meta":{"inline_featured_image":false,"footnotes":""},"class_list":["post-264","page","type-page","status-publish","hentry"],"_links":{"self":[{"href":"https:\/\/www.sbac.org.br\/examespelavida\/wp-json\/wp\/v2\/pages\/264","targetHints":{"allow":["GET"]}}],"collection":[{"href":"https:\/\/www.sbac.org.br\/examespelavida\/wp-json\/wp\/v2\/pages"}],"about":[{"href":"https:\/\/www.sbac.org.br\/examespelavida\/wp-json\/wp\/v2\/types\/page"}],"author":[{"embeddable":true,"href":"https:\/\/www.sbac.org.br\/examespelavida\/wp-json\/wp\/v2\/users\/87"}],"replies":[{"embeddable":true,"href":"https:\/\/www.sbac.org.br\/examespelavida\/wp-json\/wp\/v2\/comments?post=264"}],"version-history":[{"count":26,"href":"https:\/\/www.sbac.org.br\/examespelavida\/wp-json\/wp\/v2\/pages\/264\/revisions"}],"predecessor-version":[{"id":1042,"href":"https:\/\/www.sbac.org.br\/examespelavida\/wp-json\/wp\/v2\/pages\/264\/revisions\/1042"}],"up":[{"embeddable":true,"href":"https:\/\/www.sbac.org.br\/examespelavida\/wp-json\/wp\/v2\/pages\/51"}],"wp:attachment":[{"href":"https:\/\/www.sbac.org.br\/examespelavida\/wp-json\/wp\/v2\/media?parent=264"}],"curies":[{"name":"wp","href":"https:\/\/api.w.org\/{rel}","templated":true}]}}